{"id":135735,"date":"2020-04-23T07:33:46","date_gmt":"2020-04-23T06:33:46","guid":{"rendered":"https:\/\/tintyoga.com\/?page_id=135735"},"modified":"2023-01-31T14:53:35","modified_gmt":"2023-01-31T13:53:35","slug":"landingpage-yogastunden-sammlung","status":"publish","type":"page","link":"https:\/\/tintyoga.com\/de\/landingpage-yogastunden-sammlung\/","title":{"rendered":"Landingpage Yogastunden Sammlung Pl\u00e4ne eBook"},"content":{"rendered":"<p>[et_pb_section fb_built=&#8220;1&#8243; admin_label=&#8220;Standard Header&#8220; module_class=&#8220;no-top gradient-header-section gradient-before-pic&#8220; _builder_version=&#8220;3.24&#8243; background_color=&#8220;rgba(0,0,0,0)&#8220; global_colors_info=&#8220;{}&#8220;][et_pb_row _builder_version=&#8220;4.14.9&#8243; _module_preset=&#8220;default&#8220; max_width=&#8220;1000px&#8220; module_alignment=&#8220;center&#8220; hover_enabled=&#8220;0&#8243; sticky_enabled=&#8220;0&#8243;][et_pb_column _builder_version=&#8220;4.14.9&#8243; _module_preset=&#8220;default&#8220; type=&#8220;4_4&#8243;][et_pb_code _builder_version=&#8220;4.14.9&#8243; _module_preset=&#8220;default&#8220; hover_enabled=&#8220;0&#8243; sticky_enabled=&#8220;0&#8243;]<span style=\"--tl-form-height-m:1183.46px;--tl-form-height-t:623.781px;--tl-form-height-d:623.781px;\" class=\"tl-placeholder-f-type-shortcode_151528 tl-preload-form\"><span><\/span><\/span>[\/et_pb_code][\/et_pb_column][\/et_pb_row][\/et_pb_section]<\/p>\n","protected":false},"excerpt":{"rendered":"<span style=\"--tl-form-height-m:1183.46px;--tl-form-height-t:623.781px;--tl-form-height-d:623.781px;\" class=\"tl-placeholder-f-type-shortcode_151528 tl-preload-form\"><span><\/span><\/span>\n","protected":false},"author":1,"featured_media":0,"parent":0,"menu_order":0,"comment_status":"closed","ping_status":"closed","template":"","meta":{"_acf_changed":false,"_et_pb_use_builder":"on","_et_pb_old_content":"[et_pb_section fb_built=\"1\" admin_label=\"Standard Header\" module_class=\"no-top gradient-header-section gradient-before-pic\" _builder_version=\"3.24\" background_color=\"rgba(0,0,0,0)\"][et_pb_row custom_margin=\"1px|auto|30px|auto||\" _builder_version=\"3.24\" max_width=\"850px\" custom_margin_phone=\"0px||\" custom_margin_last_edited=\"on|tablet\"][et_pb_column type=\"1_2\" _builder_version=\"3.24\"][et_pb_image src=\"https:\/\/tintyoga.com\/wp-content\/uploads\/2019\/10\/Yoga-Class-Plans_mockup_small-1.png\" _builder_version=\"3.24\" animation_style=\"slide\" animation_direction=\"bottom\" animation_delay=\"100ms\" animation_intensity_slide=\"1%\"][\/et_pb_image][\/et_pb_column][et_pb_column type=\"1_2\" _builder_version=\"3.24\"][et_pb_text _builder_version=\"3.24\" text_font=\"||||||||\" header_font=\"||||||||\" background_layout=\"dark\" animation_style=\"slide\" animation_direction=\"right\" animation_delay=\"100ms\" animation_intensity_slide=\"1%\" header_font_size_phone=\"26px\" header_font_size_last_edited=\"on|phone\"]\n<h1><strong>Download Your Free Ebook Here<\/strong><\/h1>\n[\/et_pb_text][et_pb_text _builder_version=\"3.24\" text_font=\"||||||||\" text_font_size=\"20px\" background_layout=\"dark\" animation_style=\"slide\" animation_direction=\"right\" animation_delay=\"300ms\" animation_intensity_slide=\"1%\" text_font_size_phone=\"18px\" text_font_size_last_edited=\"on|phone\"]\n\nYoga class plans collection - ready to use for your classes.\n\n[\/et_pb_text][et_pb_code _builder_version=\"3.24\" animation_style=\"slide\" animation_direction=\"right\" animation_delay=\"300ms\" animation_intensity_slide=\"1%\"]<!-- Begin Mailchimp Signup Form --><!-- [et_pb_line_break_holder] --> \t<link href=\"\/\/cdn-images.mailchimp.com\/embedcode\/classic-10_7.css\" rel=\"stylesheet\" type=\"text\/css\"><!-- [et_pb_line_break_holder] -->\n\n<style type=\"text\/css\"><!-- [et_pb_line_break_holder] -->\t#mc_embed_signup{background:#fff; clear:left; font:14px Helvetica,Arial,sans-serif;<!-- [et_pb_line_break_holder] -->}<!-- [et_pb_line_break_holder] -->  <!-- [et_pb_line_break_holder] -->  #mc_embed_signup #mce-success-response {<!-- [et_pb_line_break_holder] -->    color: #3bde5f!important;<!-- [et_pb_line_break_holder] -->}<!-- [et_pb_line_break_holder] -->#mc_embed_signup div#mce-responses {<!-- [et_pb_line_break_holder] -->    padding: unset!important;<!-- [et_pb_line_break_holder] -->    width: unset!important;<!-- [et_pb_line_break_holder] -->    margin: unset!important;<!-- [et_pb_line_break_holder] -->}<!-- [et_pb_line_break_holder] -->\t\/* Add your own Mailchimp form style overrides in your site stylesheet or in this style block.<!-- [et_pb_line_break_holder] -->\t   We recommend moving this block and the preceding CSS link to the HEAD of your HTML file. *\/<!-- [et_pb_line_break_holder] --><\/style><!-- [et_pb_line_break_holder] -->\n<div id=\"mc_embed_signup\"><!-- [et_pb_line_break_holder] -->\n\n<form action=\"https:\/\/tintyoga.us14.list-manage.com\/subscribe\/post?u=f2b8c91c59923cc16ba65c3e7&amp;id=a40b014442\" method=\"post\" id=\"mc-embedded-subscribe-form\" name=\"mc-embedded-subscribe-form\" class=\"validate\" target=\"_blank\" novalidate=\"\"><!-- [et_pb_line_break_holder] -->\n<div id=\"mc_embed_signup_scroll\"><!-- [et_pb_line_break_holder] -->\t<!-- [et_pb_line_break_holder] -->\n<div class=\"mc-field-group\"><!-- [et_pb_line_break_holder] -->\t<input type=\"email\" value=\"\" placeholder=\"Your Email Address here\" name=\"EMAIL\" class=\"required email\" id=\"mce-EMAIL\"><!-- [et_pb_line_break_holder] --><\/div>\n<!-- [et_pb_line_break_holder] -->\n<div style=\"display:none;\" class=\"mc-field-group input-group\"><!-- [et_pb_line_break_holder] -->    <strong>Source <\/strong><!-- [et_pb_line_break_holder] -->\n<ul>\n \t<li><input type=\"checkbox\" value=\"1\" name=\"group[5795][1]\" id=\"mce-group[5795]-5795-0\"><label for=\"mce-group[5795]-5795-0\">Magazine<\/label><\/li>\n<!-- [et_pb_line_break_holder] -->\n \t<li><input type=\"checkbox\" value=\"2\" name=\"group[5795][2]\" id=\"mce-group[5795]-5795-1\"><label for=\"mce-group[5795]-5795-1\">Free Signup Campaign<\/label><\/li>\n<!-- [et_pb_line_break_holder] -->\n \t<li><input type=\"checkbox\" value=\"4\" name=\"group[5795][4]\" id=\"mce-group[5795]-5795-2\"><label for=\"mce-group[5795]-5795-2\">Magazine | eBook Alignment Principles<\/label><\/li>\n<!-- [et_pb_line_break_holder] -->\n \t<li><input type=\"checkbox\" value=\"8\" name=\"group[5795][8]\" id=\"mce-group[5795]-5795-3\"><label for=\"mce-group[5795]-5795-3\">Magazine | eBook 10 Yoga Asanas<\/label><\/li>\n<!-- [et_pb_line_break_holder] -->\n \t<li><input type=\"checkbox\" value=\"128\" name=\"group[5795][128]\" id=\"mce-group[5795]-5795-4\" checked=\"\"><label for=\"mce-group[5795]-5795-4\">Magazine | Yoga Class Plans<\/label><\/li>\n<!-- [et_pb_line_break_holder] -->\n \t<li><input type=\"checkbox\" value=\"16\" name=\"group[5795][16]\" id=\"mce-group[5795]-5795-5\"><label for=\"mce-group[5795]-5795-5\">Gift Up!<\/label><\/li>\n<!-- [et_pb_line_break_holder] -->\n \t<li><input type=\"checkbox\" value=\"32\" name=\"group[5795][32]\" id=\"mce-group[5795]-5795-6\"><label for=\"mce-group[5795]-5795-6\">Lufthansa Business Lounge<\/label><\/li>\n<!-- [et_pb_line_break_holder] -->\n \t<li><input type=\"checkbox\" value=\"64\" name=\"group[5795][64]\" id=\"mce-group[5795]-5795-7\"><label for=\"mce-group[5795]-5795-7\">Tour Young Ho<\/label><\/li>\n<!-- [et_pb_line_break_holder] --><\/ul>\n<!-- [et_pb_line_break_holder] -->\n\n<\/div>\n<!-- [et_pb_line_break_holder] -->\n<div id=\"mce-responses\" class=\"clear\"><!-- [et_pb_line_break_holder] -->\n<div class=\"response\" id=\"mce-error-response\" style=\"display:none\"><\/div>\n<!-- [et_pb_line_break_holder] -->\n<div class=\"response\" id=\"mce-success-response\" style=\"display:none\"><\/div>\n<!-- [et_pb_line_break_holder] -->\n\n<\/div>\n<!-- real people should not fill this in and expect good things - do not remove this or risk form bot signups--><!-- [et_pb_line_break_holder] -->\n<div style=\"position: absolute; left: -5000px;\" aria-hidden=\"true\"><input type=\"text\" name=\"b_f2b8c91c59923cc16ba65c3e7_a40b014442\" tabindex=\"-1\" value=\"\"><\/div>\n<!-- [et_pb_line_break_holder] -->\n<div class=\"clear\"><input type=\"submit\" value=\"DOWNLOAD NOW\" name=\"subscribe\" id=\"mc-embedded-subscribe\" class=\"button\"><\/div>\n<!-- [et_pb_line_break_holder] -->\n\n<\/div>\n<!-- [et_pb_line_break_holder] -->\n\n<\/form><!-- [et_pb_line_break_holder] -->\n\n<\/div>\n<!-- [et_pb_line_break_holder] --><!--End mc_embed_signup--><!-- [et_pb_line_break_holder] -->        [\/et_pb_code][\/et_pb_column][\/et_pb_row][\/et_pb_section]","_et_gb_content_width":"","footnotes":""},"wf_page_folders":[19],"acf":[],"yoast_head":"<!-- This site is optimized with the Yoast SEO plugin v22.5 - https:\/\/yoast.com\/wordpress\/plugins\/seo\/ -->\n<title>Sammlung von Yogaklassenpl\u00e4nen - bereit zur Verwendung f\u00fcr deinen Unterricht - TINT Yoga<\/title>\n<meta name=\"description\" content=\"Nutze unsere Yoga-Klassenpl\u00e4ne als Inspiration f\u00fcr deinen Unterricht oder deine Praxis. Powered by TINT - Lernen Sie von den gr\u00f6\u00dften Yogalehrern der Welt.\" \/>\n<meta name=\"robots\" content=\"index, follow, max-snippet:-1, max-image-preview:large, max-video-preview:-1\" \/>\n<link rel=\"canonical\" href=\"https:\/\/tintyoga.com\/yoga-class-plans-ebook\/\" \/>\n<meta property=\"og:locale\" content=\"de_DE\" \/>\n<meta property=\"og:type\" content=\"article\" \/>\n<meta property=\"og:title\" content=\"Sammlung von Yogastundenpl\u00e4nen - fertig f\u00fcr deinen Unterricht | TINT Yoga Online\" \/>\n<meta property=\"og:description\" content=\"Nutze unsere Yoga-Klassenpl\u00e4ne als Inspiration f\u00fcr deinen Unterricht oder deine Praxis. Powered by TINT - Lernen Sie von den gr\u00f6\u00dften Yogalehrern der Welt.\" \/>\n<meta property=\"og:url\" content=\"https:\/\/tintyoga.com\/yoga-class-plans-ebook\/\" \/>\n<meta property=\"og:site_name\" content=\"TINT Yoga\" \/>\n<meta property=\"article:publisher\" content=\"https:\/\/www.facebook.com\/tintyoga\/\" \/>\n<meta property=\"article:modified_time\" content=\"2023-01-31T13:53:35+00:00\" \/>\n<meta property=\"og:image\" content=\"https:\/\/tintyoga.com\/wp-content\/uploads\/2019\/10\/ebook-thumbnail-yoga-class-plans-1.png\" \/>\n\t<meta property=\"og:image:width\" content=\"1000\" \/>\n\t<meta property=\"og:image:height\" content=\"600\" \/>\n\t<meta property=\"og:image:type\" content=\"image\/png\" \/>\n<meta name=\"twitter:card\" content=\"summary_large_image\" \/>\n<meta name=\"twitter:title\" content=\"Sammlung von Yogastundenpl\u00e4nen - fertig f\u00fcr deinen Unterricht | TINT Yoga Online\" \/>\n<meta name=\"twitter:description\" content=\"Nutze unsere Yoga-Klassenpl\u00e4ne als Inspiration f\u00fcr deinen Unterricht oder deine Praxis. Powered by TINT - Lernen Sie von den gr\u00f6\u00dften Yogalehrern der Welt.\" \/>\n<meta name=\"twitter:image\" content=\"https:\/\/tintyoga.com\/wp-content\/uploads\/2019\/08\/ebook-thumbnail.jpg\" \/>\n<meta name=\"twitter:label1\" content=\"Gesch\u00e4tzte Lesezeit\" \/>\n\t<meta name=\"twitter:data1\" content=\"1\u00a0Minute\" \/>\n<script type=\"application\/ld+json\" class=\"yoast-schema-graph\">{\"@context\":\"https:\/\/schema.org\",\"@graph\":[{\"@type\":\"WebPage\",\"@id\":\"https:\/\/tintyoga.com\/yoga-class-plans-ebook\/\",\"url\":\"https:\/\/tintyoga.com\/yoga-class-plans-ebook\/\",\"name\":\"Sammlung von Yogaklassenpl\u00e4nen - bereit zur Verwendung f\u00fcr deinen Unterricht - TINT Yoga\",\"isPartOf\":{\"@id\":\"https:\/\/tintyoga.com\/#website\"},\"datePublished\":\"2020-04-23T06:33:46+00:00\",\"dateModified\":\"2023-01-31T13:53:35+00:00\",\"description\":\"Nutze unsere Yoga-Klassenpl\u00e4ne als Inspiration f\u00fcr deinen Unterricht oder deine Praxis. Powered by TINT - Lernen Sie von den gr\u00f6\u00dften Yogalehrern der Welt.\",\"breadcrumb\":{\"@id\":\"https:\/\/tintyoga.com\/yoga-class-plans-ebook\/#breadcrumb\"},\"inLanguage\":\"de\",\"potentialAction\":[{\"@type\":\"ReadAction\",\"target\":[\"https:\/\/tintyoga.com\/yoga-class-plans-ebook\/\"]}]},{\"@type\":\"BreadcrumbList\",\"@id\":\"https:\/\/tintyoga.com\/yoga-class-plans-ebook\/#breadcrumb\",\"itemListElement\":[{\"@type\":\"ListItem\",\"position\":1,\"name\":\"Home\",\"item\":\"https:\/\/tintyoga.com\/\"},{\"@type\":\"ListItem\",\"position\":2,\"name\":\"Landingpage Yogastunden Sammlung Pl\u00e4ne eBook\"}]},{\"@type\":\"WebSite\",\"@id\":\"https:\/\/tintyoga.com\/#website\",\"url\":\"https:\/\/tintyoga.com\/\",\"name\":\"TINT Yoga\",\"description\":\"TINT Yoga offers premium online yoga classes with the world&#039;s most popular yoga and movement instructors. Learn and work out with our online yoga videos.\",\"publisher\":{\"@id\":\"https:\/\/tintyoga.com\/#organization\"},\"potentialAction\":[{\"@type\":\"SearchAction\",\"target\":{\"@type\":\"EntryPoint\",\"urlTemplate\":\"https:\/\/tintyoga.com\/?s={search_term_string}\"},\"query-input\":\"required name=search_term_string\"}],\"inLanguage\":\"de\"},{\"@type\":\"Organization\",\"@id\":\"https:\/\/tintyoga.com\/#organization\",\"name\":\"TINT Yoga\",\"url\":\"https:\/\/tintyoga.com\/\",\"logo\":{\"@type\":\"ImageObject\",\"inLanguage\":\"de\",\"@id\":\"https:\/\/tintyoga.com\/#\/schema\/logo\/image\/\",\"url\":\"https:\/\/tintyoga.com\/wp-content\/uploads\/2021\/08\/logo_color_black.png\",\"contentUrl\":\"https:\/\/tintyoga.com\/wp-content\/uploads\/2021\/08\/logo_color_black.png\",\"width\":1001,\"height\":301,\"caption\":\"TINT Yoga\"},\"image\":{\"@id\":\"https:\/\/tintyoga.com\/#\/schema\/logo\/image\/\"},\"sameAs\":[\"https:\/\/www.facebook.com\/tintyoga\/\",\"https:\/\/www.instagram.com\/tint_yoga\/\",\"https:\/\/de.linkedin.com\/company\/tint-gmbh\",\"https:\/\/www.pinterest.de\/tintyoga\/\",\"https:\/\/www.youtube.com\/channel\/UC2HjTe0TL20qSk8e3s1d0DA\"]}]}<\/script>\n<!-- \/ Yoast SEO plugin. -->","yoast_head_json":{"title":"Sammlung von Yogaklassenpl\u00e4nen - bereit zur Verwendung f\u00fcr deinen Unterricht - TINT Yoga","description":"Nutze unsere Yoga-Klassenpl\u00e4ne als Inspiration f\u00fcr deinen Unterricht oder deine Praxis. Powered by TINT - Lernen Sie von den gr\u00f6\u00dften Yogalehrern der Welt.","robots":{"index":"index","follow":"follow","max-snippet":"max-snippet:-1","max-image-preview":"max-image-preview:large","max-video-preview":"max-video-preview:-1"},"canonical":"https:\/\/tintyoga.com\/yoga-class-plans-ebook\/","og_locale":"de_DE","og_type":"article","og_title":"Sammlung von Yogastundenpl\u00e4nen - fertig f\u00fcr deinen Unterricht | TINT Yoga Online","og_description":"Nutze unsere Yoga-Klassenpl\u00e4ne als Inspiration f\u00fcr deinen Unterricht oder deine Praxis. Powered by TINT - Lernen Sie von den gr\u00f6\u00dften Yogalehrern der Welt.","og_url":"https:\/\/tintyoga.com\/yoga-class-plans-ebook\/","og_site_name":"TINT Yoga","article_publisher":"https:\/\/www.facebook.com\/tintyoga\/","article_modified_time":"2023-01-31T13:53:35+00:00","og_image":[{"width":1000,"height":600,"url":"https:\/\/tintyoga.com\/wp-content\/uploads\/2019\/10\/ebook-thumbnail-yoga-class-plans-1.png","type":"image\/png"}],"twitter_card":"summary_large_image","twitter_title":"Sammlung von Yogastundenpl\u00e4nen - fertig f\u00fcr deinen Unterricht | TINT Yoga Online","twitter_description":"Nutze unsere Yoga-Klassenpl\u00e4ne als Inspiration f\u00fcr deinen Unterricht oder deine Praxis. Powered by TINT - Lernen Sie von den gr\u00f6\u00dften Yogalehrern der Welt.","twitter_image":"https:\/\/tintyoga.com\/wp-content\/uploads\/2019\/08\/ebook-thumbnail.jpg","twitter_misc":{"Gesch\u00e4tzte Lesezeit":"1\u00a0Minute"},"schema":{"@context":"https:\/\/schema.org","@graph":[{"@type":"WebPage","@id":"https:\/\/tintyoga.com\/yoga-class-plans-ebook\/","url":"https:\/\/tintyoga.com\/yoga-class-plans-ebook\/","name":"Sammlung von Yogaklassenpl\u00e4nen - bereit zur Verwendung f\u00fcr deinen Unterricht - TINT Yoga","isPartOf":{"@id":"https:\/\/tintyoga.com\/#website"},"datePublished":"2020-04-23T06:33:46+00:00","dateModified":"2023-01-31T13:53:35+00:00","description":"Nutze unsere Yoga-Klassenpl\u00e4ne als Inspiration f\u00fcr deinen Unterricht oder deine Praxis. Powered by TINT - Lernen Sie von den gr\u00f6\u00dften Yogalehrern der Welt.","breadcrumb":{"@id":"https:\/\/tintyoga.com\/yoga-class-plans-ebook\/#breadcrumb"},"inLanguage":"de","potentialAction":[{"@type":"ReadAction","target":["https:\/\/tintyoga.com\/yoga-class-plans-ebook\/"]}]},{"@type":"BreadcrumbList","@id":"https:\/\/tintyoga.com\/yoga-class-plans-ebook\/#breadcrumb","itemListElement":[{"@type":"ListItem","position":1,"name":"Home","item":"https:\/\/tintyoga.com\/"},{"@type":"ListItem","position":2,"name":"Landingpage Yogastunden Sammlung Pl\u00e4ne eBook"}]},{"@type":"WebSite","@id":"https:\/\/tintyoga.com\/#website","url":"https:\/\/tintyoga.com\/","name":"TINT Yoga","description":"TINT Yoga offers premium online yoga classes with the world&#039;s most popular yoga and movement instructors. Learn and work out with our online yoga videos.","publisher":{"@id":"https:\/\/tintyoga.com\/#organization"},"potentialAction":[{"@type":"SearchAction","target":{"@type":"EntryPoint","urlTemplate":"https:\/\/tintyoga.com\/?s={search_term_string}"},"query-input":"required name=search_term_string"}],"inLanguage":"de"},{"@type":"Organization","@id":"https:\/\/tintyoga.com\/#organization","name":"TINT Yoga","url":"https:\/\/tintyoga.com\/","logo":{"@type":"ImageObject","inLanguage":"de","@id":"https:\/\/tintyoga.com\/#\/schema\/logo\/image\/","url":"https:\/\/tintyoga.com\/wp-content\/uploads\/2021\/08\/logo_color_black.png","contentUrl":"https:\/\/tintyoga.com\/wp-content\/uploads\/2021\/08\/logo_color_black.png","width":1001,"height":301,"caption":"TINT Yoga"},"image":{"@id":"https:\/\/tintyoga.com\/#\/schema\/logo\/image\/"},"sameAs":["https:\/\/www.facebook.com\/tintyoga\/","https:\/\/www.instagram.com\/tint_yoga\/","https:\/\/de.linkedin.com\/company\/tint-gmbh","https:\/\/www.pinterest.de\/tintyoga\/","https:\/\/www.youtube.com\/channel\/UC2HjTe0TL20qSk8e3s1d0DA"]}]}},"_links":{"self":[{"href":"https:\/\/tintyoga.com\/de\/wp-json\/wp\/v2\/pages\/135735"}],"collection":[{"href":"https:\/\/tintyoga.com\/de\/wp-json\/wp\/v2\/pages"}],"about":[{"href":"https:\/\/tintyoga.com\/de\/wp-json\/wp\/v2\/types\/page"}],"author":[{"embeddable":true,"href":"https:\/\/tintyoga.com\/de\/wp-json\/wp\/v2\/users\/1"}],"replies":[{"embeddable":true,"href":"https:\/\/tintyoga.com\/de\/wp-json\/wp\/v2\/comments?post=135735"}],"version-history":[{"count":9,"href":"https:\/\/tintyoga.com\/de\/wp-json\/wp\/v2\/pages\/135735\/revisions"}],"predecessor-version":[{"id":164092,"href":"https:\/\/tintyoga.com\/de\/wp-json\/wp\/v2\/pages\/135735\/revisions\/164092"}],"wp:attachment":[{"href":"https:\/\/tintyoga.com\/de\/wp-json\/wp\/v2\/media?parent=135735"}],"wp:term":[{"taxonomy":"wf_page_folders","embeddable":true,"href":"https:\/\/tintyoga.com\/de\/wp-json\/wp\/v2\/wf_page_folders?post=135735"}],"curies":[{"name":"wp","href":"https:\/\/api.w.org\/{rel}","templated":true}]}}